{"id":182,"date":"2020-02-17T15:16:33","date_gmt":"2020-02-17T14:16:33","guid":{"rendered":"https:\/\/www.totalbud.pl\/?page_id=182"},"modified":"2026-03-17T21:59:01","modified_gmt":"2026-03-17T20:59:01","slug":"kontakt","status":"publish","type":"page","link":"https:\/\/www.totalbud.pl\/en\/contact\/","title":{"rendered":"Contact"},"content":{"rendered":"<p><div class='content-column one_half'><p><em>We welcome collaboration with all solid companies with a similar mission<\/em><\/p>\n<p><strong>Totalbud S.A.<\/strong><br \/>\nul. Karczunkowska 46<br \/>\n02-871 Warszawa<\/p>\n<p>tel. (22) 644 87 59<br \/>\ne-mail: <a href=\"mailto:totalbud@totalbud.pl\">totalbud@totalbud.pl<\/a><\/p>\n<p>S\u0105d Rejonowy dla M.St. Warszawy,<br \/>\nXIII Wydzia\u0142 Gospodarczy Krajowego Rejestru S\u0105dowego,<br \/>\nNr KRS 0000736963<br \/>\nNIP 118-170-68-49,<br \/>\nNIP PL 1181706849<br \/>\nREGON 015593497,<br \/>\nKapita\u0142 zak\u0142adowy: 1.000.000z\u0142<\/p>\n<p><strong>Zarz\u0105d Sp\u00f3\u0142ki:<\/strong><br \/>\nMariusz Pa\u0142ka &#8211; Prezes Zarz\u0105du<br \/>\nTomasz Grochowski &#8211; Cz\u0142onek Zarz\u0105du<br \/>\nPiotr Wi\u015bniewski &#8211; Cz\u0142onek Zarz\u0105du<\/p>\n<p>Bank mBank S.A. 02 1140 1977 0000 3042 2600 1001<\/p><\/div><\/p>\n<div class='content-column one_half last_column'><p><iframe loading=\"lazy\" style=\"border: 0;\" tabindex=\"0\" src=\"https:\/\/www.google.com\/maps\/embed?pb=!1m14!1m8!1m3!1d9801.205911599465!2d21.009962!3d52.1106432!3m2!1i1024!2i768!4f13.1!3m3!1m2!1s0x0%3A0x76e2c0d9ff15e56d!2sTotalbud%20S.A.!5e0!3m2!1spl!2spl!4v1584964977776!5m2!1spl!2spl\" width=\"550\" height=\"550\" frameborder=\"0\" allowfullscreen=\"allowfullscreen\" aria-hidden=\"false\" data-mce-fragment=\"1\"><\/iframe><\/p><\/div><div class='clear_column'><\/div>\n<div class=\"contact-header-container\">\n<h1>Contact form<\/h1>\n<div class=\"contact-header-description-container\">\n<h4>Do you have any questions? Contact us using the form below. We are waiting for your message.<\/h3>\n<h6>The administrator of personal data is Totalbud P.S.A. The data in the contact form will be processed in order to answer the submitted inquiry in accordance with the privacy policy available <a href=\"https:\/\/www.totalbud.pl\/en\/privacy-policy\/\">here<\/a><\/h4>\n<\/p><\/div>\n<\/div>\n<p><div role=\"form\" class=\"wpcf7\" id=\"wpcf7-f1939-o2\" lang=\"pl-PL\" dir=\"ltr\">\n<div class=\"screen-reader-response\"><p role=\"status\" aria-live=\"polite\" aria-atomic=\"true\"><\/p> <ul><\/ul><\/div>\n<form action=\"\/en\/wp-json\/wp\/v2\/pages\/182#wpcf7-f1939-o2\" method=\"post\" class=\"wpcf7-form init\" novalidate=\"novalidate\" data-status=\"init\">\n<div style=\"display: none;\">\n<input type=\"hidden\" name=\"_wpcf7\" value=\"1939\" \/>\n<input type=\"hidden\" name=\"_wpcf7_version\" value=\"5.4.2\" \/>\n<input type=\"hidden\" name=\"_wpcf7_locale\" value=\"pl_PL\" \/>\n<input type=\"hidden\" name=\"_wpcf7_unit_tag\" value=\"wpcf7-f1939-o2\" \/>\n<input type=\"hidden\" name=\"_wpcf7_container_post\" value=\"0\" \/>\n<input type=\"hidden\" name=\"_wpcf7_posted_data_hash\" value=\"\" \/>\n<input type=\"hidden\" name=\"_uacf7_hidden_conditional_fields\" value=\"\" \/>\n<\/div>\n<div class=\"uacf7-form-wrapper-container uacf7-form-1939  \">\n<div class=\"form-grid\" style=\"display: flex; flex-direction: column; gap: 32px;\">\n<div style=\"display: grid; grid-template-columns: repeat(2, 1fr); gap: 36px;\">\n<div class=\"form-field\">\n    <label>Full Name*<\/label><br \/>\n    <span class=\"wpcf7-form-control-wrap full-name\"><input type=\"text\" name=\"full-name\" value=\"\" size=\"40\" class=\"wpcf7-form-control wpcf7-text wpcf7-validates-as-required\" aria-required=\"true\" aria-invalid=\"false\" placeholder=\"Full Name\" \/><\/span>\n    <\/div>\n<div class=\"form-field\">\n      <label>Company Name<\/label><br \/>\n      <span class=\"wpcf7-form-control-wrap company\"><input type=\"text\" name=\"company\" value=\"\" size=\"40\" class=\"wpcf7-form-control wpcf7-text\" aria-invalid=\"false\" placeholder=\"Company Name\" \/><\/span>\n    <\/div>\n<\/div>\n<div style=\"display: grid; grid-template-columns: repeat(2, 1fr); gap: 36px;\">\n<div class=\"form-field\">\n      <label>E-mail<\/label><br \/>\n      <span class=\"wpcf7-form-control-wrap email\"><input type=\"email\" name=\"email\" value=\"\" size=\"40\" class=\"wpcf7-form-control wpcf7-text wpcf7-email wpcf7-validates-as-email\" aria-invalid=\"false\" placeholder=\"E-mail\" \/><\/span>\n    <\/div>\n<div class=\"form-field\">\n      <label>Phone Nr *<\/label><br \/>\n      <span class=\"wpcf7-form-control-wrap phone\"><input type=\"tel\" name=\"phone\" value=\"\" size=\"40\" class=\"wpcf7-form-control wpcf7-text wpcf7-tel wpcf7-validates-as-required wpcf7-validates-as-tel\" aria-required=\"true\" aria-invalid=\"false\" placeholder=\"Phone Nr\" \/><\/span>\n    <\/div>\n<\/div>\n<div class=\"form-field full\">\n    <label>Message Title *<\/label><br \/>\n    <span class=\"wpcf7-form-control-wrap subject\"><input type=\"text\" name=\"subject\" value=\"\" size=\"40\" class=\"wpcf7-form-control wpcf7-text wpcf7-validates-as-required\" aria-required=\"true\" aria-invalid=\"false\" placeholder=\"Message Title\" \/><\/span>\n  <\/div>\n<div class=\"form-field full\">\n    <label>Message*<\/label><br \/>\n    <span class=\"wpcf7-form-control-wrap message\"><textarea name=\"message\" cols=\"40\" rows=\"10\" class=\"wpcf7-form-control wpcf7-textarea wpcf7-validates-as-required\" aria-required=\"true\" aria-invalid=\"false\" placeholder=\"Enter your message...\"><\/textarea><\/span>\n  <\/div>\n<div class=\"form-field full\">\n     <span class=\"wpcf7-form-control-wrap acceptance-414\"><span class=\"wpcf7-form-control wpcf7-acceptance\"><span class=\"wpcf7-list-item\"><label><input type=\"checkbox\" name=\"acceptance-414\" value=\"1\" aria-invalid=\"false\" \/><span class=\"wpcf7-list-item-label\">I consent to the processing of my personal data in accordance with the Personal Data Protection Act in order to respond to the submitted inquiry*<\/span><\/label><\/span><\/span><\/span>\n  <\/div>\n<div class=\"form-field full\">\n    <span class=\"wpcf7-form-control-wrap acceptance-789\"><span class=\"wpcf7-form-control wpcf7-acceptance\"><span class=\"wpcf7-list-item\"><label><input type=\"checkbox\" name=\"acceptance-789\" value=\"1\" aria-invalid=\"false\" \/><span class=\"wpcf7-list-item-label\">I declare that I have read the website's privacy policy<\/span><\/label><\/span><\/span><\/span>\n  <\/div>\n<div class=\"form-field full\">\n    <input type=\"submit\" value=\"Submit\" class=\"wpcf7-form-control wpcf7-submit main-submit\" \/>\n  <\/div>\n<\/div>\n<\/div>\n<input type='hidden' class='wpcf7-pum' value='{\"closepopup\":false,\"closedelay\":0,\"openpopup\":false,\"openpopup_id\":0}' \/><div class=\"wpcf7-response-output\" aria-hidden=\"true\"><\/div><\/form><\/div><\/p>","protected":false},"excerpt":{"rendered":"<p>Contact form Do you have any questions? Contact us using the form below. We are waiting for your message. The administrator of personal data is Totalbud P.S.A. The data in [&hellip;]<\/p>\n","protected":false},"author":1,"featured_media":0,"parent":0,"menu_order":0,"comment_status":"closed","ping_status":"closed","template":"","meta":[],"aioseo_notices":[],"_links":{"self":[{"href":"https:\/\/www.totalbud.pl\/en\/wp-json\/wp\/v2\/pages\/182"}],"collection":[{"href":"https:\/\/www.totalbud.pl\/en\/wp-json\/wp\/v2\/pages"}],"about":[{"href":"https:\/\/www.totalbud.pl\/en\/wp-json\/wp\/v2\/types\/page"}],"author":[{"embeddable":true,"href":"https:\/\/www.totalbud.pl\/en\/wp-json\/wp\/v2\/users\/1"}],"replies":[{"embeddable":true,"href":"https:\/\/www.totalbud.pl\/en\/wp-json\/wp\/v2\/comments?post=182"}],"version-history":[{"count":0,"href":"https:\/\/www.totalbud.pl\/en\/wp-json\/wp\/v2\/pages\/182\/revisions"}],"wp:attachment":[{"href":"https:\/\/www.totalbud.pl\/en\/wp-json\/wp\/v2\/media?parent=182"}],"curies":[{"name":"wp","href":"https:\/\/api.w.org\/{rel}","templated":true}]}}