{"id":1967,"date":"2026-03-19T20:45:20","date_gmt":"2026-03-19T19:45:20","guid":{"rendered":"https:\/\/www.totalbud.pl\/?page_id=1967"},"modified":"2026-04-15T13:46:58","modified_gmt":"2026-04-15T11:46:58","slug":"career","status":"publish","type":"page","link":"https:\/\/www.totalbud.pl\/en\/career\/","title":{"rendered":"Career"},"content":{"rendered":"<p><\/p>\n<div class=\"career-container\">\n<section class=\"career-header\">\n<div class=\"intro\">\n<h1>Twoja Kariera w Totalbud<\/h1>\n<h2 class=\"lead\">Pracuj przy projektach, kt\u00f3re robi\u0105 wra\u017cenie.<\/h2>\n<\/div>\n<p>\n      W Totalbud b\u0119dziesz uczestniczy\u0107 w realizacji inwestycji, kt\u00f3re wyr\u00f3\u017cniaj\u0105 si\u0119 skal\u0105 i znaczeniem. W naszym portfolio znajduj\u0105 si\u0119 m.in. takie<br \/>\n      projekty jak najwi\u0119ksze centrum danych w Polsce &#8211; Atman WAW-3 czy najwy\u017cszy budynek na Tarchominie \u201eBia\u0142y Dom\u201d. To realizacje, kt\u00f3re<br \/>\n      nie tylko dobrze wygl\u0105daj\u0105 w portfolio, ale przede wszystkim daj\u0105 realne do\u015bwiadczenie.\n    <\/p>\n<p>\n      Od ponad 20 lat dzia\u0142amy jako generalny wykonawca w sektorze mieszkaniowym, przemys\u0142owym i us\u0142ugowym, realizuj\u0105c inwestycje z<br \/>\n      zachowaniem najwy\u017cszych standard\u00f3w jako\u015bci. Nasz\u0105 wiarygodno\u015b\u0107 potwierdzaj\u0105 liczne wyr\u00f3\u017cnienia w presti\u017cowych rankingach, takich<br \/>\n      jak Diamenty Forbesa, Gazele Biznesu czy ranking Builder \u201enajwi\u0119kszych generalnych wykonawc\u00f3w w Polsce\u201d.\n    <\/p>\n<p><a class=\"cta\" href=\"#oferty-pracy\">Sprawd\u017a aktualne oferty pracy<\/a><\/p>\n<\/section>\n<section class=\"career-benefits\">\n<h2>Benefity<\/h2>\n<div class=\"career-benefits-grid\">\n<div class=\"career-benefit-item\"><img src=\"https:\/\/www.totalbud.pl\/wp-content\/uploads\/2026\/03\/heartbeat.png\" alt=\"Opieka medyczna\" \/>opieka<br \/>\nmedyczna<\/p>\n<\/div>\n<div class=\"career-benefit-item\"><img src=\"https:\/\/www.totalbud.pl\/wp-content\/uploads\/2026\/03\/multisport.png\" alt=\"Dofinansowanie karty Multisport\" \/>dofinansowanie<br \/>\nKarty Multisport<\/p>\n<\/div>\n<div class=\"career-benefit-item\"><img src=\"https:\/\/www.totalbud.pl\/wp-content\/uploads\/2026\/03\/hearts.png\" alt=\"Ubezpieczenie na \u017cycie\" \/>ubezpieczenie<br \/>\nna \u017cycie<\/p>\n<\/div>\n<div class=\"career-benefit-item\"><img src=\"https:\/\/www.totalbud.pl\/wp-content\/uploads\/2026\/03\/luggage.png\" alt=\"Wyjazdy integracyjne\" \/>wyjazdy<br \/>\nintegracyjne<\/p>\n<\/div>\n<div class=\"career-benefit-item\"><img src=\"https:\/\/www.totalbud.pl\/wp-content\/uploads\/2026\/03\/baloons.png\" alt=\"Imprezy firmowe\" \/>imprezy<br \/>\nfirmowe<\/p>\n<\/div>\n<\/div>\n<\/section>\n<section class=\"team-gallery\" aria-label=\"Galeria zespo\u0142u\">\n<div class=\"team-gallery-grid\">\n<article class=\"team-gallery-tile\"><img src=\"https:\/\/www.totalbud.pl\/wp-content\/uploads\/2026\/03\/rowery_plaza.png\" alt=\"Zesp\u00f3\u0142 podczas wyjazdu integracyjnego\" \/><\/article>\n<article class=\"team-gallery-tile team-gallery-tile--text\">Wykwalifikowana kadra jest<br \/>\nfundamentem naszej firmy. To ich wiedza, pasja<br \/>\ni zaanga\u017cowanie pozwalaj\u0105<br \/>\nrealizowa\u0107 projekty, kt\u00f3re<br \/>\nna sta\u0142e <b>zmieniaj\u0105 krajobraz<br \/>\npolskich miast.<\/b><\/p>\n<\/article>\n<article class=\"team-gallery-tile\"><img src=\"https:\/\/www.totalbud.pl\/wp-content\/uploads\/2026\/03\/team.png\" alt=\"Zdj\u0119cie zespo\u0142owe na tle miasta\" \/><\/article>\n<article class=\"team-gallery-tile\"><img src=\"https:\/\/www.totalbud.pl\/wp-content\/uploads\/2026\/03\/kajaki_1.png\" alt=\"Aktywno\u015b\u0107 nad jeziorem\" \/><\/article>\n<article class=\"team-gallery-tile\"><img src=\"https:\/\/www.totalbud.pl\/wp-content\/uploads\/2026\/03\/zachod_plaza_wide.png\" alt=\"Zesp\u00f3\u0142 na pla\u017cy\" \/><\/article>\n<article class=\"team-gallery-tile\"><img src=\"https:\/\/www.totalbud.pl\/wp-content\/uploads\/2026\/03\/zachod_plaza.png\" alt=\"Pla\u017ca o zachodzie s\u0142o\u0144ca\" \/><\/article>\n<article class=\"team-gallery-tile team-gallery-tile--text\">Tworzymy \u015brodowisko,<br \/>\nw kt\u00f3rym mo\u017cna si\u0119<br \/>\nrozwija\u0107, zdobywa\u0107 nowe<br \/>\ndo\u015bwiadczenia i kszta\u0142towa\u0107<br \/>\nprzysz\u0142o\u015b\u0107 bran\u017cy.<br \/>\nJe\u015bli chcesz zbudowa\u0107 z<br \/>\nnami co\u015b trwa\u0142ego <b>&#8211; do\u0142\u0105cz<br \/>\ndo zespo\u0142u Totalbud.<\/b><\/p>\n<\/article>\n<article class=\"team-gallery-tile\"><img src=\"https:\/\/www.totalbud.pl\/wp-content\/uploads\/2026\/03\/rowery_las.png\" alt=\"Rowerowa aktywno\u015b\u0107 w lesie\" \/><\/article>\n<article class=\"team-gallery-tile\"><img src=\"https:\/\/www.totalbud.pl\/wp-content\/uploads\/2026\/03\/kajaki_2.png\" alt=\"Sp\u0142yw kajakowy\" \/><\/article>\n<article class=\"team-gallery-tile\"><img src=\"https:\/\/www.totalbud.pl\/wp-content\/uploads\/2026\/03\/rowery_sciezka.png\" alt=\"Trasa rowerowa w lesie\" \/><\/article>\n<article class=\"team-gallery-tile\"><img src=\"https:\/\/www.totalbud.pl\/wp-content\/uploads\/2026\/03\/kajaki_2_wide.png\" alt=\"Kajaki na rzece\" \/><\/article>\n<article class=\"team-gallery-tile\"><img src=\"https:\/\/www.totalbud.pl\/wp-content\/uploads\/2026\/03\/rowery_sciezka.png\" alt=\"Jazda rowerem w terenie\" \/><\/article>\n<\/div>\n<\/section>\n<div style=\"margin-bottom: 48px;\"><\/div>\n    <section class=\"company-in-numbers\">\n        <section id=\"top-counters\" class=\"page-width\">\n                        <ul class=\"counters\">\n                                    <li>\n                        <h2\n                            class=\"number counter\"\n                            data-counter-time=\"200\"\n                            data-counter-delay=\"1\"\n                        >11<\/h2>\n                        <h6 class=\"label\">current projects<\/h6>\n                    <\/li>\n                                    <li>\n                        <h2\n                            class=\"number counter\"\n                            data-counter-time=\"200\"\n                            data-counter-delay=\"1\"\n                        >61<\/h2>\n                        <h6 class=\"label\">realised projects<\/h6>\n                    <\/li>\n                                    <li>\n                        <h2\n                            class=\"number counter\"\n                            data-counter-time=\"200\"\n                            data-counter-delay=\"1\"\n                        >22<\/h2>\n                        <h6 class=\"label\">years of experience<\/h6>\n                    <\/li>\n                                    <li>\n                        <h2\n                            class=\"number counter\"\n                            data-counter-time=\"200\"\n                            data-counter-delay=\"1\"\n                        >177<\/h2>\n                        <h6 class=\"label\">employees<\/h6>\n                    <\/li>\n                            <\/ul>\n        <\/section>\n    <\/section>\n    \n<div id=\"oferty-pracy\" style=\"margin-bottom: 48px;\"><\/div>\n    <section class=\"main-section section-job-offers-shortcode\">\n        <div class=\"page-width\">\n            <header class=\"section-header section-header-centered\">\n                <h2>Oferty pracy<\/h2>\n            <\/header>\n\n            <ul class=\"job-offers-grid\">\n                                    <li class=\"job-offer-item\">\n                        <a href=\"https:\/\/www.totalbud.pl\/en\/kierownik-kierowniczka-projektu\/\" class=\"job-offer-card\">\n                            <span class=\"job-offer-image\">\n                                <img width=\"570\" height=\"370\" src=\"https:\/\/www.totalbud.pl\/wp-content\/uploads\/2026\/02\/6-570x370.png\" class=\"attachment-570x370 size-570x370 wp-post-image\" alt=\"\" loading=\"lazy\" srcset=\"https:\/\/www.totalbud.pl\/wp-content\/uploads\/2026\/02\/6-570x370.png 570w, https:\/\/www.totalbud.pl\/wp-content\/uploads\/2026\/02\/6-300x195.png 300w, https:\/\/www.totalbud.pl\/wp-content\/uploads\/2026\/02\/6-768x499.png 768w, https:\/\/www.totalbud.pl\/wp-content\/uploads\/2026\/02\/6-370x241.png 370w, https:\/\/www.totalbud.pl\/wp-content\/uploads\/2026\/02\/6.png 1000w\" sizes=\"(max-width: 570px) 100vw, 570px\" \/>                            <\/span>\n                            <span class=\"job-offer-overlay\"><\/span>\n\n                            <span class=\"job-offer-content\">\n                                <span class=\"job-offer-title\">Kierownik \/ Kierowniczka Projektu<\/span>\n                                <span class=\"job-offer-more\">More<\/span>\n                            <\/span>\n                        <\/a>\n                    <\/li>\n                                    <li class=\"job-offer-item\">\n                        <a href=\"https:\/\/www.totalbud.pl\/en\/kierownik-robot\/\" class=\"job-offer-card\">\n                            <span class=\"job-offer-image\">\n                                <img width=\"570\" height=\"370\" src=\"https:\/\/www.totalbud.pl\/wp-content\/uploads\/2026\/02\/5-570x370.png\" class=\"attachment-570x370 size-570x370 wp-post-image\" alt=\"\" loading=\"lazy\" srcset=\"https:\/\/www.totalbud.pl\/wp-content\/uploads\/2026\/02\/5-570x370.png 570w, https:\/\/www.totalbud.pl\/wp-content\/uploads\/2026\/02\/5-300x195.png 300w, https:\/\/www.totalbud.pl\/wp-content\/uploads\/2026\/02\/5-768x499.png 768w, https:\/\/www.totalbud.pl\/wp-content\/uploads\/2026\/02\/5-370x241.png 370w, https:\/\/www.totalbud.pl\/wp-content\/uploads\/2026\/02\/5.png 1000w\" sizes=\"(max-width: 570px) 100vw, 570px\" \/>                            <\/span>\n                            <span class=\"job-offer-overlay\"><\/span>\n\n                            <span class=\"job-offer-content\">\n                                <span class=\"job-offer-title\">Kierownik \/ Kierowniczka Rob\u00f3t<\/span>\n                                <span class=\"job-offer-more\">More<\/span>\n                            <\/span>\n                        <\/a>\n                    <\/li>\n                                    <li class=\"job-offer-item\">\n                        <a href=\"https:\/\/www.totalbud.pl\/en\/inzynier-budowy\/\" class=\"job-offer-card\">\n                            <span class=\"job-offer-image\">\n                                <img width=\"570\" height=\"370\" src=\"https:\/\/www.totalbud.pl\/wp-content\/uploads\/2026\/02\/4-570x370.png\" class=\"attachment-570x370 size-570x370 wp-post-image\" alt=\"\" loading=\"lazy\" srcset=\"https:\/\/www.totalbud.pl\/wp-content\/uploads\/2026\/02\/4-570x370.png 570w, https:\/\/www.totalbud.pl\/wp-content\/uploads\/2026\/02\/4-300x195.png 300w, https:\/\/www.totalbud.pl\/wp-content\/uploads\/2026\/02\/4-768x499.png 768w, https:\/\/www.totalbud.pl\/wp-content\/uploads\/2026\/02\/4-370x241.png 370w, https:\/\/www.totalbud.pl\/wp-content\/uploads\/2026\/02\/4.png 1000w\" sizes=\"(max-width: 570px) 100vw, 570px\" \/>                            <\/span>\n                            <span class=\"job-offer-overlay\"><\/span>\n\n                            <span class=\"job-offer-content\">\n                                <span class=\"job-offer-title\">In\u017cynier\/In\u017cynierka budowy<\/span>\n                                <span class=\"job-offer-more\">More<\/span>\n                            <\/span>\n                        <\/a>\n                    <\/li>\n                            <\/ul>\n        <\/div>\n    <\/section>\n    \n<section class=\"students-interns\">\n<div class=\"students-interns-content\">\n<h2>Studenci i praktykanci<\/h2>\n<p class=\"students-interns-lead\"><strong>Szukasz pierwszego do\u015bwiadczenia w bran\u017cy?<\/strong><br \/>\nOferujemy program sta\u017cy i letnich praktyk dla student\u00f3w<br \/>\nkierunk\u00f3w: budownictwo i in\u017cynieria \u015brodowiska.<\/p>\n<p>Praktyki organizujemy co roku w okresie lipiec-wrzesie\u0144.<br \/>\nW wielu przypadkach po ich zako\u0144czeniu<br \/>\nproponujemy zatrudnienie.<\/p>\n<p><a class=\"students-interns-cta\" href=\"https:\/\/www.totalbud.pl\/rekrutacja\/\">APLIKUJ<\/a><\/p>\n<\/div>\n<div class=\"students-interns-image-wrap\"><img class=\"students-interns-image\" src=\"https:\/\/www.totalbud.pl\/wp-content\/uploads\/2026\/03\/AdobeStock_110817206.png\" alt=\"Studenci i praktykanci\" \/><\/div>\n<\/section>\n<\/div>\n<p><\/p>","protected":false},"excerpt":{"rendered":"<p>Twoja Kariera w Totalbud Pracuj przy projektach, kt\u00f3re robi\u0105 wra\u017cenie. W Totalbud b\u0119dziesz uczestniczy\u0107 w realizacji inwestycji, kt\u00f3re wyr\u00f3\u017cniaj\u0105 si\u0119 skal\u0105 i znaczeniem. W naszym portfolio znajduj\u0105 si\u0119 m.in. takie [&hellip;]<\/p>\n","protected":false},"author":3,"featured_media":0,"parent":0,"menu_order":0,"comment_status":"closed","ping_status":"closed","template":"","meta":[],"aioseo_notices":[],"_links":{"self":[{"href":"https:\/\/www.totalbud.pl\/en\/wp-json\/wp\/v2\/pages\/1967"}],"collection":[{"href":"https:\/\/www.totalbud.pl\/en\/wp-json\/wp\/v2\/pages"}],"about":[{"href":"https:\/\/www.totalbud.pl\/en\/wp-json\/wp\/v2\/types\/page"}],"author":[{"embeddable":true,"href":"https:\/\/www.totalbud.pl\/en\/wp-json\/wp\/v2\/users\/3"}],"replies":[{"embeddable":true,"href":"https:\/\/www.totalbud.pl\/en\/wp-json\/wp\/v2\/comments?post=1967"}],"version-history":[{"count":0,"href":"https:\/\/www.totalbud.pl\/en\/wp-json\/wp\/v2\/pages\/1967\/revisions"}],"wp:attachment":[{"href":"https:\/\/www.totalbud.pl\/en\/wp-json\/wp\/v2\/media?parent=1967"}],"curies":[{"name":"wp","href":"https:\/\/api.w.org\/{rel}","templated":true}]}}